{"id":55,"date":"2024-10-08T11:26:01","date_gmt":"2024-10-08T11:26:01","guid":{"rendered":"https:\/\/www.mff.se\/en\/?page_id=55"},"modified":"2025-08-29T13:55:31","modified_gmt":"2025-08-29T11:55:31","slug":"membership-democracy","status":"publish","type":"page","link":"https:\/\/www.mff.se\/en\/membership-democracy\/","title":{"rendered":"Membership Democracy"},"content":{"rendered":"<div class=\"page-content-1\">\n\n  \n<div class=\"ec-block ec-block-text text wysiwyg\">\n\n  <p>The 96th minute, the ball dips down in front of Markus Rosenberg, he hits it, one touch, without stopping he runs, jumps straight into the stands, soon disappearing in the sea of Malm\u00f6-fans. One picture captures his head sticking up, one supporter planting a kiss on his forehead. The goal means 4-3, it positions Malm\u00f6 FF to qualify from their Europa League group, with the last kick in his last home game it\u2019s also the most perfect of endings for a player who 32 years earlier, at age five, had started his career in that very same spot where he now ends it.<\/p>\n<p>Now imagine that moment being interrupted for a VAR-check. Or even worse that goal being disallowed after VAR found a toenail to be offside. Luckily in this instance that didn\u2019t happen, Markus Rosenberg did get his fairytale ending. But since the introduction of VAR in European football, players and supporters are constantly losing out on the emotions that this sport for over a century has brought, because can you ever be sure if a goal really is a goal anymore? And is this the type of football we want?<\/p>\n<p><strong>We say it isn\u2019t.<\/strong><\/p>\n\n\n<\/div>\n\n<div class=\"ec-block ec-block-images images layout--full\">\n  <div class=\"ec-block-images-inner \">\n\n    \n    <div class=\"images-list\">\n              \n      <figure class=\"image wide\">\n\n        <picture>\n          \n          \n          \n            <source data-aspect-ratio=\"1.2-1 1.2-1\" media=\"(min-width: 640px)\" type=\"image\/jpeg\" width=\"3127\" height=\"2606\" srcset=\"https:\/\/cdn.mff.se\/sites\/2\/2024\/10\/BB191128MB055.jpg?crop=3127,2606,391,0&#038;width=350 350w, https:\/\/cdn.mff.se\/sites\/2\/2024\/10\/BB191128MB055.jpg?crop=3127,2606,391,0&#038;width=700 700w, https:\/\/cdn.mff.se\/sites\/2\/2024\/10\/BB191128MB055.jpg?crop=3127,2606,391,0&#038;width=850 850w, https:\/\/cdn.mff.se\/sites\/2\/2024\/10\/BB191128MB055.jpg?crop=3127,2606,391,0&#038;width=1200 1200w, https:\/\/cdn.mff.se\/sites\/2\/2024\/10\/BB191128MB055.jpg?crop=3127,2606,391,0&#038;width=1400 1400w, https:\/\/cdn.mff.se\/sites\/2\/2024\/10\/BB191128MB055.jpg?crop=3127,2606,391,0&#038;width=1700 1700w\" sizes=\"(max-width: 1920px) 50vw, 840px\"\/>\n                      \n          \n            <source data-aspect-ratio=\"780-700 780-700\" media=\"(min-width: 0px)\" type=\"image\/jpeg\" width=\"2904\" height=\"2606\" srcset=\"https:\/\/cdn.mff.se\/sites\/2\/2024\/10\/BB191128MB055.jpg?crop=2904,2606,503,0&#038;width=320 320w, https:\/\/cdn.mff.se\/sites\/2\/2024\/10\/BB191128MB055.jpg?crop=2904,2606,503,0&#038;width=400 400w, https:\/\/cdn.mff.se\/sites\/2\/2024\/10\/BB191128MB055.jpg?crop=2904,2606,503,0&#038;width=640 640w, https:\/\/cdn.mff.se\/sites\/2\/2024\/10\/BB191128MB055.jpg?crop=2904,2606,503,0&#038;width=800 800w, https:\/\/cdn.mff.se\/sites\/2\/2024\/10\/BB191128MB055.jpg?crop=2904,2606,503,0&#038;width=1280 1280w\" sizes=\"100vw\"\/>\n                      \n          <img decoding=\"async\" src=\"https:\/\/cdn.mff.se\/sites\/2\/2024\/10\/BB191128MB055.jpg?crop=3127,2606,391,0\" width=\"3127\" height=\"2606\" alt loading=\"lazy\" style=\"width: 100%;height:auto;\" data-ot-ignore=\"1\">\n\n\n        <\/picture>\n\n        \n      <\/figure>\n\n          \n    <\/div>\n\n      <\/div>\n\n\n  <\/div>\n\n<div class=\"ec-block ec-block-text text wysiwyg\">\n\n  <h3>The Members Decide<\/h3>\n<p>The Swedish league is currently the only one of Europe\u2019s top 33 leagues that doesn\u2019t use VAR. The reason is simple, in Sweden we have something we call Membership Democracy. In 1999 a new sports law was enforced called the 51 per cent rule. It means that a Swedish sports association has to be owned by its members by at least 51%. Meaning that the members are majority owners of the clubs, and in turn, the clubs own the league.<\/p>\n<p>So when decisions such as if VAR are to be introduced to the Swedish league, the clubs have to vote on it, and their votes are decided by their members. Malm\u00f6 FF\u2019s members as those of the majority of the Swedish clubs said no to VAR. As a result Malm\u00f6 FF are today actively working against VAR in Swedish football.<\/p>\n<p>Membership Democracy is one of the most beautiful things we have in Swedish football and something Malm\u00f6 FF value a lot. Anyone who is a member of the club can submit motions, make proposals or have a dialogue with the club. They can make a difference and have their voice heard. As an example, in 2019 an extraordinary annual members meeting voted in favor of reintroducing a women\u2019s section at the club. While rejecting the suggestion of a merge with another club in a higher division, in favor of having the team start at the lowest level of women\u2019s football in Sweden. With thet being believed to be the more organic route to take.<\/p>\n<p>Malm\u00f6 FF\u2019s women\u2019s team today enjoys some of the best conditions of any women\u2019s team in the country and has, since its start in 2019, won every division in order to reach the highest division, Damallsvenskan, ahead of the 2025 season.<\/p>\n\n\n<\/div>\n\n<div class=\"ec-block ec-block-images images layout--full\">\n  <div class=\"ec-block-images-inner has-modal-gallery\">\n\n    \n    <div class=\"images-list\">\n              \n      <figure class=\"image wide\">\n\n        <picture>\n          \n          \n          \n            <source data-aspect-ratio=\"1.2-1 1.2-1\" media=\"(min-width: 640px)\" type=\"image\/jpeg\" width=\"818\" height=\"682\" srcset=\"https:\/\/cdn.mff.se\/sites\/2\/2024\/10\/BB211104CO013-1024x682-2.jpg?crop=818,682,103,0&#038;width=350 350w, https:\/\/cdn.mff.se\/sites\/2\/2024\/10\/BB211104CO013-1024x682-2.jpg?crop=818,682,103,0&#038;width=700 700w, https:\/\/cdn.mff.se\/sites\/2\/2024\/10\/BB211104CO013-1024x682-2.jpg?crop=818,682,103,0&#038;width=850 850w, https:\/\/cdn.mff.se\/sites\/2\/2024\/10\/BB211104CO013-1024x682-2.jpg?crop=818,682,103,0&#038;width=1200 1200w, https:\/\/cdn.mff.se\/sites\/2\/2024\/10\/BB211104CO013-1024x682-2.jpg?crop=818,682,103,0&#038;width=1400 1400w, https:\/\/cdn.mff.se\/sites\/2\/2024\/10\/BB211104CO013-1024x682-2.jpg?crop=818,682,103,0&#038;width=1700 1700w\" sizes=\"(max-width: 1920px) 50vw, 840px\"\/>\n                      \n          \n            <source data-aspect-ratio=\"780-700 780-700\" media=\"(min-width: 0px)\" type=\"image\/jpeg\" width=\"760\" height=\"682\" srcset=\"https:\/\/cdn.mff.se\/sites\/2\/2024\/10\/BB211104CO013-1024x682-2.jpg?crop=760,682,132,0&#038;width=320 320w, https:\/\/cdn.mff.se\/sites\/2\/2024\/10\/BB211104CO013-1024x682-2.jpg?crop=760,682,132,0&#038;width=400 400w, https:\/\/cdn.mff.se\/sites\/2\/2024\/10\/BB211104CO013-1024x682-2.jpg?crop=760,682,132,0&#038;width=640 640w, https:\/\/cdn.mff.se\/sites\/2\/2024\/10\/BB211104CO013-1024x682-2.jpg?crop=760,682,132,0&#038;width=800 800w, https:\/\/cdn.mff.se\/sites\/2\/2024\/10\/BB211104CO013-1024x682-2.jpg?crop=760,682,132,0&#038;width=1280 1280w\" sizes=\"100vw\"\/>\n                      \n          <img decoding=\"async\" src=\"https:\/\/cdn.mff.se\/sites\/2\/2024\/10\/BB211104CO013-1024x682-2.jpg?crop=818,682,103,0\" width=\"818\" height=\"682\" alt loading=\"lazy\" style=\"width: 100%;height:auto;\" data-ot-ignore=\"1\">\n\n\n        <\/picture>\n\n        \n      <\/figure>\n\n          \n      <figure class=\"image wide\">\n\n        <picture>\n          \n          \n          \n            <source data-aspect-ratio=\"1.2-1 1.2-1\" media=\"(min-width: 640px)\" type=\"image\/jpeg\" width=\"4800\" height=\"4000\" srcset=\"https:\/\/cdn.mff.se\/sites\/2\/2024\/12\/BB241012SH100.jpg?crop=4800,4000,675,0&#038;width=350 350w, https:\/\/cdn.mff.se\/sites\/2\/2024\/12\/BB241012SH100.jpg?crop=4800,4000,675,0&#038;width=700 700w, https:\/\/cdn.mff.se\/sites\/2\/2024\/12\/BB241012SH100.jpg?crop=4800,4000,675,0&#038;width=850 850w, https:\/\/cdn.mff.se\/sites\/2\/2024\/12\/BB241012SH100.jpg?crop=4800,4000,675,0&#038;width=1200 1200w, https:\/\/cdn.mff.se\/sites\/2\/2024\/12\/BB241012SH100.jpg?crop=4800,4000,675,0&#038;width=1400 1400w, https:\/\/cdn.mff.se\/sites\/2\/2024\/12\/BB241012SH100.jpg?crop=4800,4000,675,0&#038;width=1700 1700w\" sizes=\"(max-width: 1920px) 50vw, 840px\"\/>\n                      \n          \n            <source data-aspect-ratio=\"780-700 780-700\" media=\"(min-width: 0px)\" type=\"image\/jpeg\" width=\"4457\" height=\"4000\" srcset=\"https:\/\/cdn.mff.se\/sites\/2\/2024\/12\/BB241012SH100.jpg?crop=4457,4000,847,0&#038;width=320 320w, https:\/\/cdn.mff.se\/sites\/2\/2024\/12\/BB241012SH100.jpg?crop=4457,4000,847,0&#038;width=400 400w, https:\/\/cdn.mff.se\/sites\/2\/2024\/12\/BB241012SH100.jpg?crop=4457,4000,847,0&#038;width=640 640w, https:\/\/cdn.mff.se\/sites\/2\/2024\/12\/BB241012SH100.jpg?crop=4457,4000,847,0&#038;width=800 800w, https:\/\/cdn.mff.se\/sites\/2\/2024\/12\/BB241012SH100.jpg?crop=4457,4000,847,0&#038;width=1280 1280w\" sizes=\"100vw\"\/>\n                      \n          <img decoding=\"async\" src=\"https:\/\/cdn.mff.se\/sites\/2\/2024\/12\/BB241012SH100.jpg?crop=4800,4000,600,0\" width=\"4800\" height=\"4000\" alt loading=\"lazy\" style=\"width: 100%;height:auto;\" data-ot-ignore=\"1\">\n\n\n        <\/picture>\n\n        \n      <\/figure>\n\n          \n    <\/div>\n\n          <button class=\"image-modal-gallery-toggler\" onclick=\"document.querySelector('#image-gallery-dialog-69f5a69cf1801').showModal();\">Show all images<\/button>\n      <\/div>\n\n\n      <dialog class=\"image-gallery-dialog\" onclick=\"this.getElementsByTagName('button')[0].click()\" data-transition=\"slide-in\" id=\"image-gallery-dialog-69f5a69cf1801\">\n      <div class=\"image-gallery-dialog-inner\">\n        <div class=\"image-gallery-list\">\n\n          \n\n          <figure class=\"image full-width\">\n            <picture>\n              \n                <source data-aspect-ratio media=\"(min-width: 0px)\" type=\"image\/jpeg\" width=\"1024\" height=\"682\" srcset=\"https:\/\/cdn.mff.se\/sites\/2\/2024\/10\/BB211104CO013-1024x682-2.jpg?width=375 375w, https:\/\/cdn.mff.se\/sites\/2\/2024\/10\/BB211104CO013-1024x682-2.jpg?width=750 750w, https:\/\/cdn.mff.se\/sites\/2\/2024\/10\/BB211104CO013-1024x682-2.jpg?width=1024 1024w, https:\/\/cdn.mff.se\/sites\/2\/2024\/10\/BB211104CO013-1024x682-2.jpg?width=1280 1280w, https:\/\/cdn.mff.se\/sites\/2\/2024\/10\/BB211104CO013-1024x682-2.jpg?width=1680 1680w\" sizes=\"100vw\"\/>\n              \n              <img decoding=\"async\" src=\"https:\/\/cdn.mff.se\/sites\/2\/2024\/10\/BB211104CO013-1024x682-2.jpg\" width=\"1024\" height=\"682\" alt loading=\"lazy\" style=\"width: 100%;height:auto;\" data-ot-ignore=\"1\">\n\n\n            <\/picture>\n\n            \n          <\/figure>\n\n          \n\n          <figure class=\"image full-width\">\n            <picture>\n              \n                <source data-aspect-ratio media=\"(min-width: 0px)\" type=\"image\/jpeg\" width=\"6000\" height=\"4000\" srcset=\"https:\/\/cdn.mff.se\/sites\/2\/2024\/12\/BB241012SH100.jpg?width=375 375w, https:\/\/cdn.mff.se\/sites\/2\/2024\/12\/BB241012SH100.jpg?width=750 750w, https:\/\/cdn.mff.se\/sites\/2\/2024\/12\/BB241012SH100.jpg?width=1024 1024w, https:\/\/cdn.mff.se\/sites\/2\/2024\/12\/BB241012SH100.jpg?width=1280 1280w, https:\/\/cdn.mff.se\/sites\/2\/2024\/12\/BB241012SH100.jpg?width=1680 1680w\" sizes=\"100vw\"\/>\n              \n              <img decoding=\"async\" src=\"https:\/\/cdn.mff.se\/sites\/2\/2024\/12\/BB241012SH100.jpg\" width=\"6000\" height=\"4000\" alt loading=\"lazy\" style=\"width: 100%;height:auto;\" data-ot-ignore=\"1\">\n\n\n            <\/picture>\n\n            \n          <\/figure>\n\n                  <\/div>\n\n        <button class=\"image-gallery-close-button\" onclick=\"document.querySelector('#image-gallery-dialog-69f5a69cf1801').close();\">Close <span><\/span><\/button>\n      <\/div>\n    <\/dialog>\n  <\/div>\n\n\n<\/div>\n\n<div class=\"page-content-2\">\n\n  \n<div class=\"ec-block ec-block-video-embeds video-embeds\">\n\n  <div class=\"section-heading\">\n  \n    <h2 >The Europa Show visited Malm\u00f6 to experience what it truly means when the members own the club.<\/h2>\n\n      <\/div>\n  \n\n  \n      \n        <figure class=\"video-embed\">\n  <style>\n  iframe {\n    aspect-ratio: var(--ec-aspect-ratio);\n    width: 100%;\n    height: 100%;\n  }\n<\/style>\n\n<iframe  data-mff-ct-category=\"marketing\"  data-mff-ct-blocked=\"1\" data-src=\"https:\/\/solidsport.com\/mffplay\/widgets\/embed\/liyag0fr\" loading=\"lazy\" style=\"--ec-aspect-ratio: 16\/9;\"><\/iframe><div class=\"mff-cookie-tractor-fallback\">\n  <div class=\"mff-cookie-tractor-fallback__inner\">\n    <div class=\"mff-cookie-tractor-fallback__text-wrapper wysiwyg\">\n      <p>You must change your cookie settings to see this content.<\/p>\n    <\/div>\n    <div class=\"mff-cookie-tractor-fallback__cta-wrapper\">\n      <div class=\"wp-block-button is-style-mff-button\">\n        <button class=\"wp-block-button__link button inline small\" onclick=\"cookieTractor.openConsentSettings();\">Cookies settings<\/button><\/div>\n\n    <\/div>\n  <\/div>\n<\/div>\n  <\/figure>\n      \n  \n<\/div>\n\n\n<\/div>","protected":false},"excerpt":{"rendered":"","protected":false},"author":48,"featured_media":56,"parent":0,"menu_order":0,"comment_status":"closed","ping_status":"closed","template":"","meta":{"_acf_changed":false,"_relevanssi_hide_post":"","_relevanssi_pin_for_all":"","_relevanssi_pin_keywords":"","_relevanssi_unpin_keywords":"","_relevanssi_related_keywords":"","_relevanssi_related_include_ids":"","_relevanssi_related_exclude_ids":"","_relevanssi_related_no_append":"","_relevanssi_related_not_related":"","_relevanssi_related_posts":"1","_relevanssi_noindex_reason":"","footnotes":""},"class_list":["post-55","page","type-page","status-publish","has-post-thumbnail","hentry"],"acf":[],"yoast_head":"<title>Membership Democracy - Malm\u00f6 FF<\/title>\n<meta name=\"robots\" content=\"index, follow, max-snippet:-1, max-image-preview:large, max-video-preview:-1\" \/>\n<link rel=\"canonical\" href=\"https:\/\/www.mff.se\/en\/membership-democracy\/\" \/>\n<meta property=\"og:locale\" content=\"en_US\" \/>\n<meta property=\"og:type\" content=\"article\" \/>\n<meta property=\"og:title\" content=\"Membership Democracy - Malm\u00f6 FF\" \/>\n<meta property=\"og:url\" content=\"https:\/\/www.mff.se\/en\/membership-democracy\/\" \/>\n<meta property=\"og:site_name\" content=\"Malm\u00f6 FF\" \/>\n<meta property=\"article:modified_time\" content=\"2025-08-29T11:55:31+00:00\" \/>\n<meta property=\"og:image\" content=\"https:\/\/www.mff.se\/app\/uploads\/sites\/2\/2024\/10\/BB191220PA014-1024x683.jpg\" \/>\n\t<meta property=\"og:image:width\" content=\"1024\" \/>\n\t<meta property=\"og:image:height\" content=\"683\" \/>\n\t<meta property=\"og:image:type\" content=\"image\/jpeg\" \/>\n<meta name=\"twitter:card\" content=\"summary_large_image\" \/>\n<meta name=\"twitter:label1\" content=\"Est. reading time\" \/>\n\t<meta name=\"twitter:data1\" content=\"1 minute\" \/>\n<script type=\"application\/ld+json\" class=\"yoast-schema-graph\">{\"@context\":\"https:\\\/\\\/schema.org\",\"@graph\":[{\"@type\":\"WebPage\",\"@id\":\"https:\\\/\\\/www.mff.se\\\/en\\\/membership-democracy\\\/\",\"url\":\"https:\\\/\\\/www.mff.se\\\/en\\\/membership-democracy\\\/\",\"name\":\"Membership Democracy - Malm\u00f6 FF\",\"isPartOf\":{\"@id\":\"https:\\\/\\\/www.mff.se\\\/en\\\/#website\"},\"primaryImageOfPage\":{\"@id\":\"https:\\\/\\\/www.mff.se\\\/en\\\/membership-democracy\\\/#primaryimage\"},\"image\":{\"@id\":\"https:\\\/\\\/www.mff.se\\\/en\\\/membership-democracy\\\/#primaryimage\"},\"thumbnailUrl\":\"https:\\\/\\\/cdn.mff.se\\\/sites\\\/2\\\/2024\\\/10\\\/BB191220PA014.jpg\",\"datePublished\":\"2024-10-08T11:26:01+00:00\",\"dateModified\":\"2025-08-29T11:55:31+00:00\",\"breadcrumb\":{\"@id\":\"https:\\\/\\\/www.mff.se\\\/en\\\/membership-democracy\\\/#breadcrumb\"},\"inLanguage\":\"en-US\",\"potentialAction\":[{\"@type\":\"ReadAction\",\"target\":[\"https:\\\/\\\/www.mff.se\\\/en\\\/membership-democracy\\\/\"]}]},{\"@type\":\"ImageObject\",\"inLanguage\":\"en-US\",\"@id\":\"https:\\\/\\\/www.mff.se\\\/en\\\/membership-democracy\\\/#primaryimage\",\"url\":\"https:\\\/\\\/cdn.mff.se\\\/sites\\\/2\\\/2024\\\/10\\\/BB191220PA014.jpg\",\"contentUrl\":\"https:\\\/\\\/cdn.mff.se\\\/sites\\\/2\\\/2024\\\/10\\\/BB191220PA014.jpg\",\"width\":3742,\"height\":2495,\"caption\":\"191220 This picture is part of Bildbyr\u00e5n\u2019s selection of the 100 best sports photos from 2019. Originally published 20191128 Markus Rosenberg of Malm\u00f6 FF celebrate with supporters after scoring the 4-3 goal during during the Europa league match between Malm\u00f6 FF and Dynamo Kiev on November 28, 2019 in Malm\u00f6, Sweden. Photo: Petter Arvidson \\\/ BILDBYR\u00c5N \\\/ kod PA \\\/ 92394\"},{\"@type\":\"BreadcrumbList\",\"@id\":\"https:\\\/\\\/www.mff.se\\\/en\\\/membership-democracy\\\/#breadcrumb\",\"itemListElement\":[{\"@type\":\"ListItem\",\"position\":1,\"name\":\"Home\",\"item\":\"https:\\\/\\\/www.mff.se\\\/en\\\/\"},{\"@type\":\"ListItem\",\"position\":2,\"name\":\"Membership Democracy\"}]},{\"@type\":\"WebSite\",\"@id\":\"https:\\\/\\\/www.mff.se\\\/en\\\/#website\",\"url\":\"https:\\\/\\\/www.mff.se\\\/en\\\/\",\"name\":\"Malm\u00f6 FF\",\"description\":\"\",\"potentialAction\":[{\"@type\":\"SearchAction\",\"target\":{\"@type\":\"EntryPoint\",\"urlTemplate\":\"https:\\\/\\\/www.mff.se\\\/en\\\/?s={search_term_string}\"},\"query-input\":{\"@type\":\"PropertyValueSpecification\",\"valueRequired\":true,\"valueName\":\"search_term_string\"}}],\"inLanguage\":\"en-US\"}]}<\/script>","yoast_head_json":{"title":"Membership Democracy - Malm\u00f6 FF","robots":{"index":"index","follow":"follow","max-snippet":"max-snippet:-1","max-image-preview":"max-image-preview:large","max-video-preview":"max-video-preview:-1"},"canonical":"https:\/\/www.mff.se\/en\/membership-democracy\/","og_locale":"en_US","og_type":"article","og_title":"Membership Democracy - Malm\u00f6 FF","og_url":"https:\/\/www.mff.se\/en\/membership-democracy\/","og_site_name":"Malm\u00f6 FF","article_modified_time":"2025-08-29T11:55:31+00:00","og_image":[{"width":1024,"height":683,"url":"https:\/\/www.mff.se\/app\/uploads\/sites\/2\/2024\/10\/BB191220PA014-1024x683.jpg","type":"image\/jpeg"}],"twitter_card":"summary_large_image","twitter_misc":{"Est. reading time":"1 minute"},"schema":{"@context":"https:\/\/schema.org","@graph":[{"@type":"WebPage","@id":"https:\/\/www.mff.se\/en\/membership-democracy\/","url":"https:\/\/www.mff.se\/en\/membership-democracy\/","name":"Membership Democracy - Malm\u00f6 FF","isPartOf":{"@id":"https:\/\/www.mff.se\/en\/#website"},"primaryImageOfPage":{"@id":"https:\/\/www.mff.se\/en\/membership-democracy\/#primaryimage"},"image":{"@id":"https:\/\/www.mff.se\/en\/membership-democracy\/#primaryimage"},"thumbnailUrl":"https:\/\/cdn.mff.se\/sites\/2\/2024\/10\/BB191220PA014.jpg","datePublished":"2024-10-08T11:26:01+00:00","dateModified":"2025-08-29T11:55:31+00:00","breadcrumb":{"@id":"https:\/\/www.mff.se\/en\/membership-democracy\/#breadcrumb"},"inLanguage":"en-US","potentialAction":[{"@type":"ReadAction","target":["https:\/\/www.mff.se\/en\/membership-democracy\/"]}]},{"@type":"ImageObject","inLanguage":"en-US","@id":"https:\/\/www.mff.se\/en\/membership-democracy\/#primaryimage","url":"https:\/\/cdn.mff.se\/sites\/2\/2024\/10\/BB191220PA014.jpg","contentUrl":"https:\/\/cdn.mff.se\/sites\/2\/2024\/10\/BB191220PA014.jpg","width":3742,"height":2495,"caption":"191220 This picture is part of Bildbyr\u00e5n\u2019s selection of the 100 best sports photos from 2019. Originally published 20191128 Markus Rosenberg of Malm\u00f6 FF celebrate with supporters after scoring the 4-3 goal during during the Europa league match between Malm\u00f6 FF and Dynamo Kiev on November 28, 2019 in Malm\u00f6, Sweden. Photo: Petter Arvidson \/ BILDBYR\u00c5N \/ kod PA \/ 92394"},{"@type":"BreadcrumbList","@id":"https:\/\/www.mff.se\/en\/membership-democracy\/#breadcrumb","itemListElement":[{"@type":"ListItem","position":1,"name":"Home","item":"https:\/\/www.mff.se\/en\/"},{"@type":"ListItem","position":2,"name":"Membership Democracy"}]},{"@type":"WebSite","@id":"https:\/\/www.mff.se\/en\/#website","url":"https:\/\/www.mff.se\/en\/","name":"Malm\u00f6 FF","description":"","potentialAction":[{"@type":"SearchAction","target":{"@type":"EntryPoint","urlTemplate":"https:\/\/www.mff.se\/en\/?s={search_term_string}"},"query-input":{"@type":"PropertyValueSpecification","valueRequired":true,"valueName":"search_term_string"}}],"inLanguage":"en-US"}]}},"_links":{"self":[{"href":"https:\/\/www.mff.se\/en\/wp-json\/wp\/v2\/pages\/55","targetHints":{"allow":["GET"]}}],"collection":[{"href":"https:\/\/www.mff.se\/en\/wp-json\/wp\/v2\/pages"}],"about":[{"href":"https:\/\/www.mff.se\/en\/wp-json\/wp\/v2\/types\/page"}],"author":[{"embeddable":true,"href":"https:\/\/www.mff.se\/en\/wp-json\/wp\/v2\/users\/48"}],"replies":[{"embeddable":true,"href":"https:\/\/www.mff.se\/en\/wp-json\/wp\/v2\/comments?post=55"}],"version-history":[{"count":32,"href":"https:\/\/www.mff.se\/en\/wp-json\/wp\/v2\/pages\/55\/revisions"}],"predecessor-version":[{"id":809,"href":"https:\/\/www.mff.se\/en\/wp-json\/wp\/v2\/pages\/55\/revisions\/809"}],"wp:featuredmedia":[{"embeddable":true,"href":"https:\/\/www.mff.se\/en\/wp-json\/wp\/v2\/media\/56"}],"wp:attachment":[{"href":"https:\/\/www.mff.se\/en\/wp-json\/wp\/v2\/media?parent=55"}],"curies":[{"name":"wp","href":"https:\/\/api.w.org\/{rel}","templated":true}]}}